{"id":2440,"date":"2025-02-21T21:01:25","date_gmt":"2025-02-21T21:01:25","guid":{"rendered":"https:\/\/www.terc.edu\/hse\/?page_id=2440"},"modified":"2025-03-18T15:32:46","modified_gmt":"2025-03-18T15:32:46","slug":"engineering-posters-spanish","status":"publish","type":"page","link":"https:\/\/www.terc.edu\/hse\/engineering-posters-spanish\/","title":{"rendered":"Engineering Posters Spanish"},"content":{"rendered":"\n<div class=\"wp-block-columns is-layout-flex wp-container-core-columns-is-layout-9d6595d7 wp-block-columns-is-layout-flex\">\n<div class=\"wp-block-column is-layout-flow wp-block-column-is-layout-flow\" style=\"flex-basis:66.66%\"><\/div>\n\n\n\n<div class=\"wp-block-column is-layout-flow wp-block-column-is-layout-flow\" style=\"flex-basis:33.33%\">\n<div class=\"wp-block-buttons is-layout-flex wp-block-buttons-is-layout-flex\">\n<div class=\"wp-block-button\"><a class=\"wp-block-button__link wp-element-button\" href=\"https:\/\/www.terc.edu\/hse\/engineering-posters\">For English<\/a><\/div>\n<\/div>\n<\/div>\n<\/div>\n\n\n\n<p><strong>Hemos creado estos carteles en colaboraci\u00f3n con familias y educadores<\/strong> para resaltar el valor de la ingenier\u00eda para los ni\u00f1os peque\u00f1os y para ayudar a los educadores a integrar los recursos de Ingenier\u00eda y Head Start a sus salones de clases.<\/p>\n\n\n\n<div style=\"height:49px\" aria-hidden=\"true\" class=\"wp-block-spacer\"><\/div>\n\n\n\n<h2 class=\"wp-block-heading has-text-align-center\">Descarga e imprime los carteles gratuitos<\/h2>\n\n\n\n<div class=\"wp-block-columns is-layout-flex wp-container-core-columns-is-layout-9d6595d7 wp-block-columns-is-layout-flex\">\n<div class=\"wp-block-column is-layout-flow wp-block-column-is-layout-flow\"><div class=\"wp-block-image\">\n<figure class=\"aligncenter size-large is-resized\"><img loading=\"lazy\" decoding=\"async\" width=\"1024\" height=\"1024\" src=\"https:\/\/www.terc.edu\/hse\/wp-content\/uploads\/sites\/18\/2024\/11\/HSE_nav_icons_poster_spanish_03-1024x1024.png\" alt=\"\" class=\"wp-image-2331\" style=\"width:200px\" srcset=\"https:\/\/www.terc.edu\/hse\/wp-content\/uploads\/sites\/18\/2024\/11\/HSE_nav_icons_poster_spanish_03-1024x1024.png 1024w, https:\/\/www.terc.edu\/hse\/wp-content\/uploads\/sites\/18\/2024\/11\/HSE_nav_icons_poster_spanish_03-300x300.png 300w, https:\/\/www.terc.edu\/hse\/wp-content\/uploads\/sites\/18\/2024\/11\/HSE_nav_icons_poster_spanish_03-150x150.png 150w, https:\/\/www.terc.edu\/hse\/wp-content\/uploads\/sites\/18\/2024\/11\/HSE_nav_icons_poster_spanish_03-768x768.png 768w, https:\/\/www.terc.edu\/hse\/wp-content\/uploads\/sites\/18\/2024\/11\/HSE_nav_icons_poster_spanish_03.png 1500w\" sizes=\"auto, (max-width: 1024px) 100vw, 1024px\" \/><\/figure>\n<\/div>\n\n\n<p class=\"has-text-align-center\"><strong>El proceso de dise\u00f1o de ingenier\u00eda<\/strong><\/p>\n\n\n\n<p>Este cartel provee un visual del proceso de dise\u00f1o de ingenier\u00eda que los ni\u00f1os y los adultos pueden usar para ayudar a resolver problemas en su vida diaria.<\/p>\n\n\n\n<p><a href=\"https:\/\/www.terc.edu\/hse\/wp-content\/uploads\/sites\/18\/2024\/11\/HSE_ProblemSOlvePosters_SpanishEng.pdf\" target=\"_blank\" rel=\"noreferrer noopener\">Espa\u00f1ol\/ingl\u00e9s<\/a><br><a href=\"https:\/\/www.terc.edu\/hse\/wp-content\/uploads\/sites\/18\/2024\/11\/HSE_ProblemSolvePosters_ArabicEng.pdf\" target=\"_blank\" rel=\"noreferrer noopener\">\u00c1rabe\/ingl\u00e9s<\/a><\/p>\n<\/div>\n\n\n\n<div class=\"wp-block-column is-layout-flow wp-block-column-is-layout-flow\" style=\"flex-basis:15px\"><\/div>\n\n\n\n<div class=\"wp-block-column is-layout-flow wp-block-column-is-layout-flow\"><div class=\"wp-block-image\">\n<figure class=\"aligncenter size-large is-resized\"><img loading=\"lazy\" decoding=\"async\" width=\"1024\" height=\"1024\" src=\"https:\/\/www.terc.edu\/hse\/wp-content\/uploads\/sites\/18\/2024\/11\/HSE_nav_icons_poster_arabic_03-1024x1024.png\" alt=\"\" class=\"wp-image-2328\" style=\"width:200px;height:auto\" srcset=\"https:\/\/www.terc.edu\/hse\/wp-content\/uploads\/sites\/18\/2024\/11\/HSE_nav_icons_poster_arabic_03-1024x1024.png 1024w, https:\/\/www.terc.edu\/hse\/wp-content\/uploads\/sites\/18\/2024\/11\/HSE_nav_icons_poster_arabic_03-300x300.png 300w, https:\/\/www.terc.edu\/hse\/wp-content\/uploads\/sites\/18\/2024\/11\/HSE_nav_icons_poster_arabic_03-150x150.png 150w, https:\/\/www.terc.edu\/hse\/wp-content\/uploads\/sites\/18\/2024\/11\/HSE_nav_icons_poster_arabic_03-768x768.png 768w, https:\/\/www.terc.edu\/hse\/wp-content\/uploads\/sites\/18\/2024\/11\/HSE_nav_icons_poster_arabic_03.png 1500w\" sizes=\"auto, (max-width: 1024px) 100vw, 1024px\" \/><\/figure>\n<\/div>\n\n\n<p class=\"has-text-align-center\"><strong>Las familias practican la ingenier\u00eda juntas<\/strong><\/p>\n\n\n\n<p class=\"has-text-align-left\">Este cartel resalta lo poderoso que puede ser el utilizar actividades de ingenier\u00eda para apoyar las relaciones entre los ni\u00f1os y sus cuidadores.<\/p>\n\n\n\n<p><a href=\"https:\/\/www.terc.edu\/hse\/wp-content\/uploads\/sites\/18\/2024\/11\/HSE_FET_Posters_SpanishEng.pdf\" target=\"_blank\" rel=\"noreferrer noopener\">Espa\u00f1ol\/ingl\u00e9s <\/a><br><a href=\"https:\/\/www.terc.edu\/hse\/wp-content\/uploads\/sites\/18\/2024\/11\/HSE_FET_-Posters_ArabicEng.pdf\" target=\"_blank\" rel=\"noreferrer noopener\">\u00c1rabe\/ingl\u00e9s<\/a><\/p>\n<\/div>\n\n\n\n<div class=\"wp-block-column is-layout-flow wp-block-column-is-layout-flow\" style=\"flex-basis:15px\"><\/div>\n\n\n\n<div class=\"wp-block-column is-layout-flow wp-block-column-is-layout-flow\"><div class=\"wp-block-image\">\n<figure class=\"aligncenter size-large is-resized\"><img loading=\"lazy\" decoding=\"async\" width=\"1024\" height=\"1024\" src=\"https:\/\/www.terc.edu\/hse\/wp-content\/uploads\/sites\/18\/2024\/11\/HSE_nav_icons_poster_spanish_01-1024x1024.png\" alt=\"\" class=\"wp-image-2329\" style=\"width:200px\" srcset=\"https:\/\/www.terc.edu\/hse\/wp-content\/uploads\/sites\/18\/2024\/11\/HSE_nav_icons_poster_spanish_01-1024x1024.png 1024w, https:\/\/www.terc.edu\/hse\/wp-content\/uploads\/sites\/18\/2024\/11\/HSE_nav_icons_poster_spanish_01-300x300.png 300w, https:\/\/www.terc.edu\/hse\/wp-content\/uploads\/sites\/18\/2024\/11\/HSE_nav_icons_poster_spanish_01-150x150.png 150w, https:\/\/www.terc.edu\/hse\/wp-content\/uploads\/sites\/18\/2024\/11\/HSE_nav_icons_poster_spanish_01-768x768.png 768w, https:\/\/www.terc.edu\/hse\/wp-content\/uploads\/sites\/18\/2024\/11\/HSE_nav_icons_poster_spanish_01.png 1500w\" sizes=\"auto, (max-width: 1024px) 100vw, 1024px\" \/><\/figure>\n<\/div>\n\n\n<p class=\"has-text-align-center\"><strong>Todos somos ingenieros<\/strong><\/p>\n\n\n\n<p>Este cartel crea una oportunidad para resaltar ejemplos de la ingenier\u00eda que utilizamos diariamente dentro y fuera del sal\u00f3n de clases. Pueden usar fotos o dibujos creados por los ni\u00f1os y sus familias.<\/p>\n\n\n\n<p><a href=\"https:\/\/www.terc.edu\/hse\/wp-content\/uploads\/sites\/18\/2024\/11\/HSE_AllEngineersPosters_SpanishEng.pdf\" target=\"_blank\" rel=\"noreferrer noopener\">Espa\u00f1ol\/ingl\u00e9s<\/a><br><a href=\"https:\/\/www.terc.edu\/hse\/wp-content\/uploads\/sites\/18\/2024\/11\/HSE_AllEngineers-Posters_ArabicEng.pdf\" target=\"_blank\" rel=\"noreferrer noopener\">\u00c1rabe\/ingl\u00e9s<\/a><\/p>\n<\/div>\n<\/div>\n\n\n\n<div style=\"height:50px\" aria-hidden=\"true\" class=\"wp-block-spacer\"><\/div>\n","protected":false},"excerpt":{"rendered":"<p><a class=\"wp-block-button__link wp-element-button\" href=\"https:\/\/www.terc.edu\/hse\/engineering-posters\">For English<\/a><\/p>\n<p>Hemos creado estos carteles en colaboraci\u00f3n con familias y educadores para resaltar el valor de la ingenier\u00eda para los ni\u00f1os peque\u00f1os y para ayudar a los educadores a integrar los recursos de Ingenier\u00eda y Head Start a sus salones de clases.<\/p>\n<p>Descarga e imprime los carteles gratuitos<\/p>\n<p>El proceso de dise\u00f1o de ingenier\u00eda<\/p>\n<p>Este cartel provee un visual del proceso de dise\u00f1o de ingenier\u00eda que los ni\u00f1os y los adultos pueden usar para ayudar a resolver problemas en su vida diaria.  <a href=\"https:\/\/www.terc.edu\/hse\/engineering-posters-spanish\/\">&nbsp;&raquo;&nbsp;Read more<\/a><\/p>\n","protected":false},"author":4,"featured_media":0,"parent":0,"menu_order":0,"comment_status":"closed","ping_status":"closed","template":"template-fullwidth.php","meta":{"_acf_changed":false,"_relevanssi_hide_post":"","_relevanssi_hide_content":"","_relevanssi_pin_for_all":"","_relevanssi_pin_keywords":"","_relevanssi_unpin_keywords":"","_relevanssi_related_keywords":"","_relevanssi_related_include_ids":"","_relevanssi_related_exclude_ids":"","_relevanssi_related_no_append":"","_relevanssi_related_not_related":"","_relevanssi_related_posts":"1","_relevanssi_noindex_reason":"","footnotes":""},"class_list":["post-2440","page","type-page","status-publish","hentry"],"acf":[],"_links":{"self":[{"href":"https:\/\/www.terc.edu\/hse\/wp-json\/wp\/v2\/pages\/2440","targetHints":{"allow":["GET"]}}],"collection":[{"href":"https:\/\/www.terc.edu\/hse\/wp-json\/wp\/v2\/pages"}],"about":[{"href":"https:\/\/www.terc.edu\/hse\/wp-json\/wp\/v2\/types\/page"}],"author":[{"embeddable":true,"href":"https:\/\/www.terc.edu\/hse\/wp-json\/wp\/v2\/users\/4"}],"replies":[{"embeddable":true,"href":"https:\/\/www.terc.edu\/hse\/wp-json\/wp\/v2\/comments?post=2440"}],"version-history":[{"count":5,"href":"https:\/\/www.terc.edu\/hse\/wp-json\/wp\/v2\/pages\/2440\/revisions"}],"predecessor-version":[{"id":2518,"href":"https:\/\/www.terc.edu\/hse\/wp-json\/wp\/v2\/pages\/2440\/revisions\/2518"}],"wp:attachment":[{"href":"https:\/\/www.terc.edu\/hse\/wp-json\/wp\/v2\/media?parent=2440"}],"curies":[{"name":"wp","href":"https:\/\/api.w.org\/{rel}","templated":true}]}}